{"id":456,"date":"2019-04-19T19:30:26","date_gmt":"2019-04-19T19:30:26","guid":{"rendered":"http:\/\/juntosnohaylimites.org\/?page_id=456"},"modified":"2023-02-09T01:36:23","modified_gmt":"2023-02-09T01:36:23","slug":"colabora","status":"publish","type":"page","link":"http:\/\/juntosnohaylimites.org\/index.php\/colabora\/","title":{"rendered":"Colabora"},"content":{"rendered":"\t\t<div data-elementor-type=\"wp-post\" data-elementor-id=\"456\" class=\"elementor elementor-456\">\n\t\t\t\t\t\t<section class=\"elementor-section elementor-top-section elementor-element elementor-element-2381d43 elementor-section-boxed elementor-section-height-default elementor-section-height-default\" data-id=\"2381d43\" data-element_type=\"section\">\n\t\t\t\t\t\t<div class=\"elementor-container elementor-column-gap-default\">\n\t\t\t\t\t<div class=\"elementor-column elementor-col-100 elementor-top-column elementor-element elementor-element-70170d8\" data-id=\"70170d8\" data-element_type=\"column\">\n\t\t\t<div class=\"elementor-widget-wrap elementor-element-populated\">\n\t\t\t\t\t\t<div class=\"elementor-element elementor-element-bfb115d elementor-widget elementor-widget-heading\" data-id=\"bfb115d\" data-element_type=\"widget\" data-widget_type=\"heading.default\">\n\t\t\t\t<div class=\"elementor-widget-container\">\n\t\t\t<h1 class=\"elementor-heading-title elementor-size-default\">Sol@s no podemos hacerlo, necesitamos tu ayuda<\/h1>\t\t<\/div>\n\t\t\t\t<\/div>\n\t\t\t\t\t<\/div>\n\t\t<\/div>\n\t\t\t\t\t<\/div>\n\t\t<\/section>\n\t\t\t\t<section class=\"elementor-section elementor-top-section elementor-element elementor-element-232f8db elementor-section-boxed elementor-section-height-default elementor-section-height-default\" data-id=\"232f8db\" data-element_type=\"section\">\n\t\t\t\t\t\t<div class=\"elementor-container elementor-column-gap-default\">\n\t\t\t\t\t<div class=\"elementor-column elementor-col-100 elementor-top-column elementor-element elementor-element-a81e817\" data-id=\"a81e817\" data-element_type=\"column\">\n\t\t\t<div class=\"elementor-widget-wrap elementor-element-populated\">\n\t\t\t\t\t\t<div class=\"elementor-element elementor-element-760515f elementor-widget-divider--view-line elementor-widget elementor-widget-divider\" data-id=\"760515f\" data-element_type=\"widget\" data-widget_type=\"divider.default\">\n\t\t\t\t<div class=\"elementor-widget-container\">\n\t\t\t\t\t<div class=\"elementor-divider\">\n\t\t\t<span class=\"elementor-divider-separator\">\n\t\t\t\t\t\t<\/span>\n\t\t<\/div>\n\t\t\t\t<\/div>\n\t\t\t\t<\/div>\n\t\t\t\t\t<\/div>\n\t\t<\/div>\n\t\t\t\t\t<\/div>\n\t\t<\/section>\n\t\t\t\t<section class=\"elementor-section elementor-top-section elementor-element elementor-element-fed057f elementor-section-boxed elementor-section-height-default elementor-section-height-default\" data-id=\"fed057f\" data-element_type=\"section\">\n\t\t\t\t\t\t<div class=\"elementor-container elementor-column-gap-default\">\n\t\t\t\t\t<div class=\"elementor-column elementor-col-100 elementor-top-column elementor-element elementor-element-fd49f59\" data-id=\"fd49f59\" data-element_type=\"column\">\n\t\t\t<div class=\"elementor-widget-wrap elementor-element-populated\">\n\t\t\t\t\t\t<div class=\"elementor-element elementor-element-cf58599 elementor-widget elementor-widget-text-editor\" data-id=\"cf58599\" data-element_type=\"widget\" data-widget_type=\"text-editor.default\">\n\t\t\t\t<div class=\"elementor-widget-container\">\n\t\t\t\t\t\t\t<h2>Puedes colaborar de muchas formas:<\/h2>\t\t\t\t\t\t<\/div>\n\t\t\t\t<\/div>\n\t\t\t\t\t<\/div>\n\t\t<\/div>\n\t\t\t\t\t<\/div>\n\t\t<\/section>\n\t\t\t\t<section class=\"elementor-section elementor-top-section elementor-element elementor-element-412e914 elementor-section-boxed elementor-section-height-default elementor-section-height-default\" data-id=\"412e914\" data-element_type=\"section\">\n\t\t\t\t\t\t<div class=\"elementor-container elementor-column-gap-default\">\n\t\t\t\t\t<div class=\"elementor-column elementor-col-100 elementor-top-column elementor-element elementor-element-1a69c28\" data-id=\"1a69c28\" data-element_type=\"column\">\n\t\t\t<div class=\"elementor-widget-wrap elementor-element-populated\">\n\t\t\t\t\t\t<div class=\"elementor-element elementor-element-86af177 elementor-tabs-view-horizontal elementor-widget elementor-widget-tabs\" data-id=\"86af177\" data-element_type=\"widget\" data-widget_type=\"tabs.default\">\n\t\t\t\t<div class=\"elementor-widget-container\">\n\t\t\t\t\t<div class=\"elementor-tabs\">\n\t\t\t<div class=\"elementor-tabs-wrapper\" role=\"tablist\" >\n\t\t\t\t\t\t\t\t\t<div id=\"elementor-tab-title-1411\" class=\"elementor-tab-title elementor-tab-desktop-title\" aria-selected=\"true\" data-tab=\"1\" role=\"tab\" tabindex=\"0\" aria-controls=\"elementor-tab-content-1411\" aria-expanded=\"false\">Donando puntualmente<\/div>\n\t\t\t\t\t\t\t\t\t<div id=\"elementor-tab-title-1412\" class=\"elementor-tab-title elementor-tab-desktop-title\" aria-selected=\"false\" data-tab=\"2\" role=\"tab\" tabindex=\"-1\" aria-controls=\"elementor-tab-content-1412\" aria-expanded=\"false\">Voluntariado, tu tiempo<\/div>\n\t\t\t\t\t\t\t\t\t<div id=\"elementor-tab-title-1413\" class=\"elementor-tab-title elementor-tab-desktop-title\" aria-selected=\"false\" data-tab=\"3\" role=\"tab\" tabindex=\"-1\" aria-controls=\"elementor-tab-content-1413\" aria-expanded=\"false\">Participando como socio<\/div>\n\t\t\t\t\t\t\t<\/div>\n\t\t\t<div class=\"elementor-tabs-content-wrapper\" role=\"tablist\" aria-orientation=\"vertical\">\n\t\t\t\t\t\t\t\t\t<div class=\"elementor-tab-title elementor-tab-mobile-title\" aria-selected=\"true\" data-tab=\"1\" role=\"tab\" tabindex=\"0\" aria-controls=\"elementor-tab-content-1411\" aria-expanded=\"false\">Donando puntualmente<\/div>\n\t\t\t\t\t<div id=\"elementor-tab-content-1411\" class=\"elementor-tab-content elementor-clearfix\" data-tab=\"1\" role=\"tabpanel\" aria-labelledby=\"elementor-tab-title-1411\" tabindex=\"0\" hidden=\"false\"><h3><img decoding=\"async\" src=\"https:\/\/upload.wikimedia.org\/wikipedia\/commons\/1\/1e\/Euro-comic-sans.png\" alt=\"Socio\" width=\"68\" height=\"68\" \/>Puedes ayudar en la financiaci\u00f3n de nuestros proyectos.<\/h3><p><a href=\"http:\/\/juntosnohaylimites.org\/wp-content\/uploads\/2023\/02\/cartel-TurquiaSiria.jpg\"><img fetchpriority=\"high\" decoding=\"async\" class=\"alignleft wp-image-2716 size-medium\" src=\"http:\/\/juntosnohaylimites.org\/wp-content\/uploads\/2023\/02\/cartel-TurquiaSiria-300x177.jpg\" alt=\"\" width=\"300\" height=\"177\" srcset=\"http:\/\/juntosnohaylimites.org\/wp-content\/uploads\/2023\/02\/cartel-TurquiaSiria-300x177.jpg 300w, http:\/\/juntosnohaylimites.org\/wp-content\/uploads\/2023\/02\/cartel-TurquiaSiria-1024x605.jpg 1024w, http:\/\/juntosnohaylimites.org\/wp-content\/uploads\/2023\/02\/cartel-TurquiaSiria-768x454.jpg 768w, http:\/\/juntosnohaylimites.org\/wp-content\/uploads\/2023\/02\/cartel-TurquiaSiria.jpg 1080w\" sizes=\"(max-width: 300px) 100vw, 300px\" \/><\/a>T\u00fa eliges qu\u00e9 aportar y cu\u00e1ndo. Los proyectos no se pueden llevar a cabo si, adem\u00e1s del trabajo voluntario, carecemos de financiaci\u00f3n. Por eso tu aportaci\u00f3n es fundamental. Si quieres que te tengamos informados, por favor rellena el <a href=\"http:\/\/juntosnohaylimites.org\/index.php\/formulario-colaboradores\/\" target=\"_blank\" rel=\"noopener\">formulario de colaboradores<\/a><span style=\"font-size: 18px;\">.<\/span><\/p><p>Para hacerlo puedes<\/p><ul><li style=\"list-style-type: none;\"><ul><li><span style=\"font-size: 20px;\"><span style=\"color: #008000;\"><strong>Enviar una transferencia<\/strong><\/span> a la cuenta de Junt@s No Hay L\u00edmites:<\/span><ul><li><h4>IBAN: ES80 3025 0006 2714 3327 9094<\/h4><p>Ahora la emergencia humanitaria para los refugiados de Ucrania centra nuestra atenci\u00f3n, aunque seguiremos apoyando a las familias que lo necesitan en la medida de nuestras posibilidades<\/p><ul><li><span style=\"color: #800000;\">Emergencia humanitaria Ucrania. <span style=\"color: #000000;\">Concepto: <span style=\"color: #0000ff;\"><strong>Ucrania<\/strong><\/span><\/span><\/span><\/li><li><span style=\"color: #800000;\"><span style=\"color: #000000;\"><span style=\"color: #0000ff;\"><span style=\"font-weight: bold; color: #993300;\">Emergencia Turqu\u00eda y Siria.<\/span> <span style=\"color: #000000;\">Concepto<b>:<\/b><\/span><b> Emergencia Turqu\u00eda Siria<\/b><\/span><\/span><\/span><\/li><li><span style=\"color: #800000;\">Recogida de alimentos por COVID.<\/span> Concepto: <span style=\"color: #0000ff;\"><strong>alimentos<\/strong><\/span><\/li><\/ul><\/li><\/ul><\/li><li><span style=\"font-size: 20px;\"><span style=\"color: #008000;\"><strong>Puedes donar a trav\u00e9s de nuestra campa\u00f1a de crowdfunding<\/strong><\/span><\/span><ul><li><a href=\"https:\/\/gofund.me\/af46203d\" target=\"_blank\" rel=\"noopener\"><b>https:\/\/www.gofundme.com\/juntosayudaalimentos<\/b><\/a><\/li><\/ul><\/li><li><span style=\"font-size: 20px;\"><span style=\"color: #008000;\"><strong>Puedes hacerte miembro<\/strong><\/span> del grupo de <a href=\"https:\/\/www.teaming.net\/juntosconmali\" target=\"_blank\" rel=\"noopener\">Teaming<\/a> y donar 1 \u20ac al mes:<\/span><ul><li><a href=\"https:\/\/www.teaming.net\/juntosconmali\" target=\"_blank\" rel=\"noopener\"><b>https:\/\/www.teaming.net\/juntosconmali<\/b><\/a><\/li><\/ul><\/li><li><span style=\"color: #008000;\"><strong>Tomar iniciativas de recaudaci\u00f3n<\/strong><\/span> en tu zona de influencia para determinada campa\u00f1a. En este caso, es importante que te pongas con nosotro@s:<ul><li type=\"\"><span style=\"font-size: 18px;\">Por email: juntosnohaylimites@gmail.com<\/span><\/li><li type=\"\">Por tel\u00e9fono: 630315914 \/ 62956451<\/li><\/ul><\/li><\/ul><\/li><\/ul><\/div>\n\t\t\t\t\t\t\t\t\t<div class=\"elementor-tab-title elementor-tab-mobile-title\" aria-selected=\"false\" data-tab=\"2\" role=\"tab\" tabindex=\"-1\" aria-controls=\"elementor-tab-content-1412\" aria-expanded=\"false\">Voluntariado, tu tiempo<\/div>\n\t\t\t\t\t<div id=\"elementor-tab-content-1412\" class=\"elementor-tab-content elementor-clearfix\" data-tab=\"2\" role=\"tabpanel\" aria-labelledby=\"elementor-tab-title-1412\" tabindex=\"0\" hidden=\"hidden\"><h3>Nos puedes ayudar dando tu tiempo para muchas cosas:<\/h3><p><img decoding=\"async\" class=\"alignleft\" style=\"font-size: 16px;\" src=\"https:\/\/www.publicdomainpictures.net\/pictures\/50000\/nahled\/hourglass-silhouette.jpg\" alt=\"tiempo\" width=\"67\" height=\"101\" \/><\/p><ul><li><span style=\"color: #008000;\"><strong>Difundir el proyecto para alcanzar a m\u00e1s personas:<\/strong><\/span><ul><li>Reenviar a vuestros contactos por whastapp, messenger, mail&#8230; el link del teaming, de la web, este correo y explicar brevemente los proyectos activos para que participen.<\/li><li>Compartir nuestras publicaciones de facebook https:\/\/www.facebook.com\/juntosnohaylimites y en twittter @juntosNHLimites<strong style=\"color: #008000;\"><br \/><\/strong><\/li><\/ul><\/li><li><span style=\"color: #008000;\"><strong>Tomar iniciativas<\/strong> <\/span>para recoger materiales en las campa\u00f1as que realizamos y ayudarnos en los trabajos de clasificaci\u00f3n y distribuci\u00f3n.<\/li><li><span style=\"color: #008000;\"><strong>Ayudar a recaudar<\/strong><\/span> para financiar los proyectos:<ul><li>Promover en vuestros trabajos la participaci\u00f3n. Por ejemplo, decidiendo que 1 dia a la semana no desayunais. Ese dinero un voluntario lo recauda y luego lo ingresa en la cuenta de Junt@s.<\/li><li>Moverlo en el colegio de vuestros hijos para que nos apoyen a trav\u00e9s del \u00abbocadillo solidario\u00bb, fiesta solidaria, conferencia&#8230;<\/li><li>Promover en las empresas, administracion, centros educativos..que hagan donaciones al proyecto&#8230;<\/li><\/ul><\/li><\/ul><h4>Para todas estas cosas en las que puedes ayudarnos ser\u00eda interesante poder estar en contacto. Por eso estar\u00eda bien que nos lo dijeras de alguna de estas formas:<\/h4><ul><li style=\"list-style-type: none;\"><ul><li><span style=\"font-size: 18px;\">Por email: juntosnohaylimites@gmail.com<\/span><\/li><li>Por tel\u00e9fono: 630315914 \/ 629564515<\/li><li>Mediante el <a href=\"http:\/\/juntosnohaylimites.org\/index.php\/formulario-colaboradores\/\" target=\"_blank\" rel=\"noopener\">formulario de colaboradores<\/a><\/li><\/ul><\/li><\/ul><\/div>\n\t\t\t\t\t\t\t\t\t<div class=\"elementor-tab-title elementor-tab-mobile-title\" aria-selected=\"false\" data-tab=\"3\" role=\"tab\" tabindex=\"-1\" aria-controls=\"elementor-tab-content-1413\" aria-expanded=\"false\">Participando como socio<\/div>\n\t\t\t\t\t<div id=\"elementor-tab-content-1413\" class=\"elementor-tab-content elementor-clearfix\" data-tab=\"3\" role=\"tabpanel\" aria-labelledby=\"elementor-tab-title-1413\" tabindex=\"0\" hidden=\"hidden\"><h3><img loading=\"lazy\" decoding=\"async\" class=\"wp-image-722 alignleft\" src=\"http:\/\/juntosnohaylimites.org\/wp-content\/uploads\/2019\/05\/volunteers-601662_640-300x212.jpg\" alt=\"\" width=\"119\" height=\"84\" srcset=\"http:\/\/juntosnohaylimites.org\/wp-content\/uploads\/2019\/05\/volunteers-601662_640-300x212.jpg 300w, http:\/\/juntosnohaylimites.org\/wp-content\/uploads\/2019\/05\/volunteers-601662_640.jpg 640w\" sizes=\"(max-width: 119px) 100vw, 119px\" \/>Puedes ayudarnos participando como socio<\/h3><p>Siendo socio podr\u00e1s ayudarnos en todo el proceso, en las decisiones, en la definici\u00f3n de los proyectos y los objetivos, etc. Cuantos m\u00e1s seamos m\u00e1s fuerte ser\u00e1 la asociaci\u00f3n.<\/p><p>Los socios, adem\u00e1s de su trabajo en la asociaci\u00f3n, aportan una cuota como miembro de la asociaci\u00f3n. Esta cuota puede es flexible a partir de un m\u00ednimo de 5 \u20ac mensuales.\u00a0<\/p><p>Si quieres hacerte socio <strong><span style=\"color: #800000;\">rellena el formulario<\/span><\/strong> al que puedes acceder desde el siguiente enlace:<\/p><p style=\"text-align: center;\"><a href=\"http:\/\/juntosnohaylimites.org\/index.php\/inscripcion-socio\/\" target=\"_blank\" rel=\"noopener\">Soci@s<\/a><\/p><p>Si tienes cualquier duda, h\u00e1znoslas llegar de las siguientes formas:<\/p><ul><li style=\"list-style-type: none;\"><ul><li><span style=\"font-size: 18px;\">Por email: juntosnohaylimites@gmail.com<\/span><\/li><li>Por tel\u00e9fono: 630315914 \/ 629564515<\/li><\/ul><\/li><\/ul><\/div>\n\t\t\t\t\t\t\t<\/div>\n\t\t<\/div>\n\t\t\t\t<\/div>\n\t\t\t\t<\/div>\n\t\t\t\t\t<\/div>\n\t\t<\/div>\n\t\t\t\t\t<\/div>\n\t\t<\/section>\n\t\t\t\t<\/div>\n\t\t","protected":false},"excerpt":{"rendered":"<p>Sol@s no podemos hacerlo, necesitamos tu ayuda Puedes colaborar de muchas formas: Donando puntualmente Voluntariado, tu tiempo Participando como socio Donando puntualmente Puedes ayudar en&#8230;<\/p>\n","protected":false},"author":1,"featured_media":0,"parent":0,"menu_order":0,"comment_status":"closed","ping_status":"closed","template":"template-c-s2-page.php","meta":{"footnotes":""},"class_list":["post-456","page","type-page","status-publish","hentry"],"jetpack_sharing_enabled":true,"_links":{"self":[{"href":"http:\/\/juntosnohaylimites.org\/index.php\/wp-json\/wp\/v2\/pages\/456","targetHints":{"allow":["GET"]}}],"collection":[{"href":"http:\/\/juntosnohaylimites.org\/index.php\/wp-json\/wp\/v2\/pages"}],"about":[{"href":"http:\/\/juntosnohaylimites.org\/index.php\/wp-json\/wp\/v2\/types\/page"}],"author":[{"embeddable":true,"href":"http:\/\/juntosnohaylimites.org\/index.php\/wp-json\/wp\/v2\/users\/1"}],"replies":[{"embeddable":true,"href":"http:\/\/juntosnohaylimites.org\/index.php\/wp-json\/wp\/v2\/comments?post=456"}],"version-history":[{"count":58,"href":"http:\/\/juntosnohaylimites.org\/index.php\/wp-json\/wp\/v2\/pages\/456\/revisions"}],"predecessor-version":[{"id":2731,"href":"http:\/\/juntosnohaylimites.org\/index.php\/wp-json\/wp\/v2\/pages\/456\/revisions\/2731"}],"wp:attachment":[{"href":"http:\/\/juntosnohaylimites.org\/index.php\/wp-json\/wp\/v2\/media?parent=456"}],"curies":[{"name":"wp","href":"https:\/\/api.w.org\/{rel}","templated":true}]}}