{"id":354,"date":"2020-02-26T19:00:05","date_gmt":"2020-02-26T19:00:05","guid":{"rendered":"http:\/\/juntosnohaylimites.org\/?page_id=354"},"modified":"2020-02-26T19:06:20","modified_gmt":"2020-02-26T19:06:20","slug":"junts-con-mali","status":"publish","type":"page","link":"http:\/\/juntosnohaylimites.org\/index.php\/junts-con-mali\/","title":{"rendered":"Proyecto Junt@s con Mali"},"content":{"rendered":"\t\t<div data-elementor-type=\"wp-post\" data-elementor-id=\"354\" class=\"elementor elementor-354\">\n\t\t\t\t\t\t<section class=\"elementor-section elementor-top-section elementor-element elementor-element-e7acff0 elementor-section-boxed elementor-section-height-default elementor-section-height-default\" data-id=\"e7acff0\" data-element_type=\"section\">\n\t\t\t\t\t\t<div class=\"elementor-container elementor-column-gap-default\">\n\t\t\t\t\t<div class=\"elementor-column elementor-col-100 elementor-top-column elementor-element elementor-element-3981769\" data-id=\"3981769\" data-element_type=\"column\">\n\t\t\t<div class=\"elementor-widget-wrap elementor-element-populated\">\n\t\t\t\t\t\t<div class=\"elementor-element elementor-element-c9f6022 elementor-widget elementor-widget-text-editor\" data-id=\"c9f6022\" data-element_type=\"widget\" data-widget_type=\"text-editor.default\">\n\t\t\t\t<div class=\"elementor-widget-container\">\n\t\t\t\t\t\t\t<p><span style=\"color: #333399;\"><a style=\"color: #333399;\" href=\"http:\/\/juntosnohaylimites.org\/wp-content\/uploads\/2020\/02\/PROYECTO-INDIELOU-MALI-colaborativo-VERSION-2-opt.pdf\" target=\"_blank\" rel=\"noopener\">Proyecto de construcci\u00f3n<\/a><\/span> de 2 Aulas de Educaci\u00f3n Infantil en la Escuela Indielou de Bamako, Mali, para ni\u00f1os en situaci\u00f3n de vulnerabilidad.<\/p>\t\t\t\t\t\t<\/div>\n\t\t\t\t<\/div>\n\t\t\t\t\t<\/div>\n\t\t<\/div>\n\t\t\t\t\t<\/div>\n\t\t<\/section>\n\t\t\t\t<section class=\"elementor-section elementor-top-section elementor-element elementor-element-16c9ac9 elementor-section-boxed elementor-section-height-default elementor-section-height-default\" data-id=\"16c9ac9\" data-element_type=\"section\">\n\t\t\t\t\t\t<div class=\"elementor-container elementor-column-gap-default\">\n\t\t\t\t\t<div class=\"elementor-column elementor-col-100 elementor-top-column elementor-element elementor-element-6bd7edb\" data-id=\"6bd7edb\" data-element_type=\"column\">\n\t\t\t<div class=\"elementor-widget-wrap elementor-element-populated\">\n\t\t\t\t\t\t<div class=\"elementor-element elementor-element-bdcebb8 elementor-widget elementor-widget-text-editor\" data-id=\"bdcebb8\" data-element_type=\"widget\" data-widget_type=\"text-editor.default\">\n\t\t\t\t<div class=\"elementor-widget-container\">\n\t\t\t\t\t\t\t<p>Estamos luchando por conseguir la financiaci\u00f3n suficiente para construir estas 2 aulas que, tal como figura en el proyecto, suponen 15000\u20ac!<\/p><p style=\"text-align: center;\"><strong>y entre tod@s lo vamos a conseguir.<\/strong><\/p><p>Pod\u00e9is ver el proyecto detallado que hemos realizado donde encontrareis toda la informaci\u00f3n necesaria.<\/p><p>Todo nuestro trabajo es voluntario y los gastos que hemos tenido los hemos cargado a nuestras cuentas personales. La transparencia para nosotros es un valor principal. Por ello cualquiera puede solicitarnos las cuentas.<\/p><p><strong>Ahora necesitamos fondos.<\/strong> Os damos algunas ideas para colaborar muy f\u00e1ciles. APOYANOS:<\/p><ul><li>Participar a trav\u00e9s de teaming. S\u00f3lo 1\u20ac al mes. Inscribete en el siguiente link: <a href=\"http:\/\/www.teaming.net\/juntosconmali\" target=\"_blank\" rel=\"noopener\">http:\/\/www.teaming.net\/juntosconmali<\/a><\/li><li>Donar a trav\u00e9s de la plataforma gofundme: <a href=\"https:\/\/www.gofundme.com\/f\/junts-con-mali\" target=\"_blank\" rel=\"noopener\">https:\/\/www.gofundme.com\/f\/junts-con-mali<\/a><\/li><li>Promover en vuestros trabajos la participaci\u00f3n. Por ejemplo, decidiendo que 1 dia a la semana no desayunais. Ese dinero un voluntario lo recauda y luego lo ingresa en la cuenta de Junt@s.<\/li><li>Poner una hucha con carteles del proyecto en los puestos de trabajo y seguir el mismo procedimiento.<\/li><li>Reenviar a vuestros contactos por whastapp, messenger, mail&#8230; el link del teaming, de la web, este correo y explicar brevemente el proyecto para que participen.<\/li><li>Compartir nuestras publicaciones de facebook https:\/\/www.facebook.com\/juntosnohaylimites y en twittter @juntosNHLimites<\/li><li>Moverlo en el colegio de vuestros hijos para que nos apoyen a trav\u00e9s del \u00abbocadillo solidario\u00bb, fiesta solidaria, conferencia&#8230;<\/li><li>Promover en las empresas, administracion, centros educativos..que hagan donaciones al proyecto&#8230;<\/li><\/ul><p>&#8230;si todos hacemos un poquito conseguiremos mucho.<\/p><p>Estamos a vuestra disposici\u00f3n para cualquier duda o aclaraci\u00f3n..<\/p>\t\t\t\t\t\t<\/div>\n\t\t\t\t<\/div>\n\t\t\t\t\t<\/div>\n\t\t<\/div>\n\t\t\t\t\t<\/div>\n\t\t<\/section>\n\t\t\t\t<section class=\"elementor-section elementor-top-section elementor-element elementor-element-f7edfca elementor-section-boxed elementor-section-height-default elementor-section-height-default\" data-id=\"f7edfca\" data-element_type=\"section\">\n\t\t\t\t\t\t<div class=\"elementor-container elementor-column-gap-default\">\n\t\t\t\t\t<div class=\"elementor-column elementor-col-100 elementor-top-column elementor-element elementor-element-8cc4bf6\" data-id=\"8cc4bf6\" data-element_type=\"column\">\n\t\t\t<div class=\"elementor-widget-wrap elementor-element-populated\">\n\t\t\t\t\t\t<div class=\"elementor-element elementor-element-ab185da elementor-widget elementor-widget-text-editor\" data-id=\"ab185da\" data-element_type=\"widget\" data-widget_type=\"text-editor.default\">\n\t\t\t\t<div class=\"elementor-widget-container\">\n\t\t\t\t\t\t\t<h2><a href=\"http:\/\/juntosnohaylimites.org\/wp-content\/uploads\/2020\/02\/PROYECTO-INDIELOU-MALI-colaborativo-VERSION-2-opt.pdf\" target=\"_blank\" rel=\"noopener\">PROYECTO INDIELOU MALI<\/a><\/h2>\t\t\t\t\t\t<\/div>\n\t\t\t\t<\/div>\n\t\t\t\t\t<\/div>\n\t\t<\/div>\n\t\t\t\t\t<\/div>\n\t\t<\/section>\n\t\t\t\t<\/div>\n\t\t","protected":false},"excerpt":{"rendered":"<p>Proyecto de construcci\u00f3n de 2 Aulas de Educaci\u00f3n Infantil en la Escuela Indielou de Bamako, Mali, para ni\u00f1os en situaci\u00f3n de vulnerabilidad. Estamos luchando por&#8230;<\/p>\n","protected":false},"author":1,"featured_media":910,"parent":0,"menu_order":0,"comment_status":"closed","ping_status":"closed","template":"","meta":{"footnotes":""},"class_list":["post-354","page","type-page","status-publish","has-post-thumbnail","hentry"],"jetpack_sharing_enabled":true,"_links":{"self":[{"href":"http:\/\/juntosnohaylimites.org\/index.php\/wp-json\/wp\/v2\/pages\/354","targetHints":{"allow":["GET"]}}],"collection":[{"href":"http:\/\/juntosnohaylimites.org\/index.php\/wp-json\/wp\/v2\/pages"}],"about":[{"href":"http:\/\/juntosnohaylimites.org\/index.php\/wp-json\/wp\/v2\/types\/page"}],"author":[{"embeddable":true,"href":"http:\/\/juntosnohaylimites.org\/index.php\/wp-json\/wp\/v2\/users\/1"}],"replies":[{"embeddable":true,"href":"http:\/\/juntosnohaylimites.org\/index.php\/wp-json\/wp\/v2\/comments?post=354"}],"version-history":[{"count":37,"href":"http:\/\/juntosnohaylimites.org\/index.php\/wp-json\/wp\/v2\/pages\/354\/revisions"}],"predecessor-version":[{"id":968,"href":"http:\/\/juntosnohaylimites.org\/index.php\/wp-json\/wp\/v2\/pages\/354\/revisions\/968"}],"wp:featuredmedia":[{"embeddable":true,"href":"http:\/\/juntosnohaylimites.org\/index.php\/wp-json\/wp\/v2\/media\/910"}],"wp:attachment":[{"href":"http:\/\/juntosnohaylimites.org\/index.php\/wp-json\/wp\/v2\/media?parent=354"}],"curies":[{"name":"wp","href":"https:\/\/api.w.org\/{rel}","templated":true}]}}