{"id":3,"date":"2018-10-31T02:14:16","date_gmt":"2018-10-31T02:14:16","guid":{"rendered":"http:\/\/juntosnohaylimites.org\/?page_id=3"},"modified":"2021-05-08T22:01:02","modified_gmt":"2021-05-08T22:01:02","slug":"politica-privacidad","status":"publish","type":"page","link":"http:\/\/juntosnohaylimites.org\/index.php\/politica-privacidad\/","title":{"rendered":"Pol\u00edtica de privacidad"},"content":{"rendered":"<h2>Qui\u00e9nes somos<\/h2>\n<p>La direcci\u00f3n de nuestra web es: http:\/\/juntosnohaylimites.org.<\/p>\n<h2>Qu\u00e9 datos personales recogemos y por qu\u00e9 los recogemos<\/h2>\n<h3>No admitimos Comentarios<\/h3>\n<p>Como no est\u00e1n habilitados los comentarios, no recogemos ning\u00fan dato de ning\u00fan usuario.<\/p>\n<h3>Formularios de contacto<\/h3>\n<p>Los datos que se obtienen a trav\u00e9s del formulario de contacto son para aquellas personas que quieren colaborar con la asociaci\u00f3n o quieren asociarse.<\/p>\n<p>Estos datos s\u00f3lo se utilizan para la comunicaci\u00f3n interna de la asociaci\u00f3n con las personas colaboradoras o que sean soci@s<\/p>\n<h3>Cookies<\/h3>\n<p>Las cookies que utiliza el sitio son las estrictamente necesarias para la funcionalidad de la p\u00e1gina. No hacemos ning\u00fan otro uso de ellas.<\/p>\n<p>Este sitio web utiliza cookies para que podamos ofrecerle la mejor experiencia de usuario posible. La informaci\u00f3n de las cookies se almacena en su navegador y realiza funciones como reconocerlo cuando regresa a nuestro sitio web. Es algo que no podemos evitar. En cualquier caso, no utilizamos ninguna informaci\u00f3n de las cookies almacenadas.<\/p>\n<h3>Contenido incrustado de otros sitios web<\/h3>\n<p>Los art\u00edculos de este sitio pueden incluir contenido incrustado (por ejemplo, v\u00eddeos, im\u00e1genes, art\u00edculos, etc.). El contenido incrustado de otras web se comporta exactamente de la misma manera que si el visitante hubiera visitado la otra web.<\/p>\n<p>Estas web pueden recopilar datos sobre ti, utilizar cookies, incrustar un seguimiento adicional de terceros, y supervisar tu interacci\u00f3n con ese contenido incrustado, incluido el seguimiento de tu interacci\u00f3n con el contenido incrustado si tienes una cuenta y est\u00e1s conectado a esa web.<\/p>\n<h2>Con qui\u00e9n compartimos tus datos<\/h2>\n<p>No compartimos tus datos con nadie. S\u00f3lo son de uso internos para el funcionamiento de la Web y para la asociaci\u00f3n.<\/p>\n<h2>Qu\u00e9 derechos tienes sobre tus datos<\/h2>\n<p>Los datos que obtenemos son los que se refieren al formulario de contacto, formulario que utilizamos para aquellas personas que quieren colaborar con el proyecto.<\/p>\n<p>Estos datos los conserva la asociaci\u00f3n para uso interno y para la comunicaci\u00f3n con l@s soci@s o colaboradores de la misma.<\/p>\n<p>Si alguien quiere conocer qu\u00e9 datos tenemos de \u00e9l o ella, puede solicitarlos escribiendo un correo a contacto@juntosnohaylimites.org o a juntosnohaylimites@gmail.com.<\/p>\n<p>En el supuesto que quiera que sus datos se borren porque no quiera colaborar m\u00e1s con la asociaci\u00f3n puede solicitar la baja mediante correo electr\u00f3nico a baja@juntosnohaylimites.org o a juntosnohaylimites@gmail.com.<\/p>\n","protected":false},"excerpt":{"rendered":"<p>Qui\u00e9nes somos La direcci\u00f3n de nuestra web es: http:\/\/juntosnohaylimites.org. Qu\u00e9 datos personales recogemos y por qu\u00e9 los recogemos No admitimos Comentarios Como no est\u00e1n habilitados&#8230;<\/p>\n","protected":false},"author":1,"featured_media":0,"parent":0,"menu_order":0,"comment_status":"closed","ping_status":"open","template":"","meta":{"footnotes":""},"class_list":["post-3","page","type-page","status-publish","hentry"],"jetpack_sharing_enabled":true,"_links":{"self":[{"href":"http:\/\/juntosnohaylimites.org\/index.php\/wp-json\/wp\/v2\/pages\/3","targetHints":{"allow":["GET"]}}],"collection":[{"href":"http:\/\/juntosnohaylimites.org\/index.php\/wp-json\/wp\/v2\/pages"}],"about":[{"href":"http:\/\/juntosnohaylimites.org\/index.php\/wp-json\/wp\/v2\/types\/page"}],"author":[{"embeddable":true,"href":"http:\/\/juntosnohaylimites.org\/index.php\/wp-json\/wp\/v2\/users\/1"}],"replies":[{"embeddable":true,"href":"http:\/\/juntosnohaylimites.org\/index.php\/wp-json\/wp\/v2\/comments?post=3"}],"version-history":[{"count":3,"href":"http:\/\/juntosnohaylimites.org\/index.php\/wp-json\/wp\/v2\/pages\/3\/revisions"}],"predecessor-version":[{"id":2293,"href":"http:\/\/juntosnohaylimites.org\/index.php\/wp-json\/wp\/v2\/pages\/3\/revisions\/2293"}],"wp:attachment":[{"href":"http:\/\/juntosnohaylimites.org\/index.php\/wp-json\/wp\/v2\/media?parent=3"}],"curies":[{"name":"wp","href":"https:\/\/api.w.org\/{rel}","templated":true}]}}