{"id":2,"date":"2018-10-31T02:14:16","date_gmt":"2018-10-31T02:14:16","guid":{"rendered":"http:\/\/juntosnohaylimites.org\/?page_id=2"},"modified":"2020-12-03T09:36:59","modified_gmt":"2020-12-03T09:36:59","slug":"si-quieres-contactar","status":"publish","type":"page","link":"http:\/\/juntosnohaylimites.org\/index.php\/si-quieres-contactar\/","title":{"rendered":"Si quieres contactar&#8230;"},"content":{"rendered":"\t\t<div data-elementor-type=\"wp-page\" data-elementor-id=\"2\" class=\"elementor elementor-2\">\n\t\t\t\t\t\t<section class=\"elementor-section elementor-top-section elementor-element elementor-element-58b99952 elementor-section-boxed elementor-section-height-default elementor-section-height-default\" data-id=\"58b99952\" data-element_type=\"section\">\n\t\t\t\t\t\t<div class=\"elementor-container elementor-column-gap-default\">\n\t\t\t\t\t<div class=\"elementor-column elementor-col-100 elementor-top-column elementor-element elementor-element-2c8f41f0\" data-id=\"2c8f41f0\" data-element_type=\"column\">\n\t\t\t<div class=\"elementor-widget-wrap elementor-element-populated\">\n\t\t\t\t\t\t<div class=\"elementor-element elementor-element-388eb2d4 elementor-widget elementor-widget-text-editor\" data-id=\"388eb2d4\" data-element_type=\"widget\" data-widget_type=\"text-editor.default\">\n\t\t\t\t<div class=\"elementor-widget-container\">\n\t\t\t\t\t\t\t<blockquote>\n<h4>Si quieres ponerte en contacto con nosotros, puede hacerlo a trav\u00e9s del correo electr\u00f3nico o por tel\u00e9fono<\/h4>\n<\/blockquote>\t\t\t\t\t\t<\/div>\n\t\t\t\t<\/div>\n\t\t\t\t\t<\/div>\n\t\t<\/div>\n\t\t\t\t\t<\/div>\n\t\t<\/section>\n\t\t\t\t<section class=\"elementor-section elementor-top-section elementor-element elementor-element-a2181d3 elementor-section-boxed elementor-section-height-default elementor-section-height-default\" data-id=\"a2181d3\" data-element_type=\"section\">\n\t\t\t\t\t\t<div class=\"elementor-container elementor-column-gap-default\">\n\t\t\t\t\t<div class=\"elementor-column elementor-col-100 elementor-top-column elementor-element elementor-element-c8fce9c\" data-id=\"c8fce9c\" data-element_type=\"column\">\n\t\t\t<div class=\"elementor-widget-wrap elementor-element-populated\">\n\t\t\t\t\t\t<div class=\"elementor-element elementor-element-bdb05da elementor-widget elementor-widget-text-editor\" data-id=\"bdb05da\" data-element_type=\"widget\" data-widget_type=\"text-editor.default\">\n\t\t\t\t<div class=\"elementor-widget-container\">\n\t\t\t\t\t\t\t<section class=\"elementor-element elementor-element-74638c7 elementor-section-full_width elementor-section-content-middle elementor-section-height-default elementor-section-height-default elementor-section elementor-inner-section\" data-id=\"74638c7\" data-element_type=\"section\">\n<div class=\"elementor-container elementor-column-gap-default\">\n<div class=\"elementor-row\">\n<div class=\"elementor-element elementor-element-3f59baf elementor-column elementor-col-33 elementor-inner-column\" data-id=\"3f59baf\" data-element_type=\"column\">\n<div class=\"elementor-column-wrap  elementor-element-populated\">\n<div class=\"elementor-widget-wrap\">\n<div class=\"elementor-element elementor-element-dc91b63 elementor-widget elementor-widget-image\" data-id=\"dc91b63\" data-element_type=\"widget\" data-widget_type=\"image.default\">\n<div class=\"elementor-widget-container\">\n<div class=\"elementor-image\"><img decoding=\"async\" class=\"\" title=\"mail-1454731_960_720\" src=\"http:\/\/juntosnohaylimites.org\/wp-content\/uploads\/elementor\/thumbs\/mail-1454731_960_720-o6m6le3et0f0fpfh3toy1njrssr0cbrg4fu18k7nkw.png\" alt=\"mail-1454731_960_720\" width=\"62\" height=\"62\" \/><\/div>\n<\/div>\n<\/div>\n<\/div>\n<\/div>\n<\/div>\n<div class=\"elementor-element elementor-element-11e0a2b elementor-column elementor-col-66 elementor-inner-column\" data-id=\"11e0a2b\" data-element_type=\"column\">\n<div class=\"elementor-column-wrap  elementor-element-populated\">\n<div class=\"elementor-widget-wrap\">\n<div class=\"elementor-element elementor-element-628cc37 elementor-widget elementor-widget-text-editor\" data-id=\"628cc37\" data-element_type=\"widget\" data-widget_type=\"text-editor.default\">\n<div class=\"elementor-widget-container\">\n<div class=\"elementor-text-editor elementor-clearfix\">\n<p><a href=\"mailto:juntosnohaylimites@gmail.com\">juntosnohaylimites@gmail.com<\/a><\/p>\n<p><a href=\"mailto:contacto@juntosnohaylimites.org\">contacto@juntosnohaylimites.org<\/a><\/p>\n<\/div>\n<\/div>\n<\/div>\n<\/div>\n<\/div>\n<\/div>\n<\/div>\n<\/div>\n<\/section>\n<section class=\"elementor-element elementor-element-b42d465 elementor-section-full_width elementor-section-content-middle elementor-section-height-default elementor-section-height-default elementor-section elementor-inner-section\" data-id=\"b42d465\" data-element_type=\"section\">\n<div class=\"elementor-container elementor-column-gap-default\">\n<div class=\"elementor-row\">\n<div class=\"elementor-element elementor-element-80ab367 elementor-column elementor-col-33 elementor-inner-column\" data-id=\"80ab367\" data-element_type=\"column\">\n<div class=\"elementor-column-wrap  elementor-element-populated\">\n<div class=\"elementor-widget-wrap\">\n<div class=\"elementor-element elementor-element-f6d1e18 elementor-widget elementor-widget-image\" data-id=\"f6d1e18\" data-element_type=\"widget\" data-widget_type=\"image.default\">\n<div class=\"elementor-widget-container\">\n<div class=\"elementor-image\"><img decoding=\"async\" class=\"\" title=\"red-phone-box-1391464972WTv\" src=\"http:\/\/juntosnohaylimites.org\/wp-content\/uploads\/elementor\/thumbs\/red-phone-box-1391464972WTv-o6m7130ewfwc9cmwh3vq66zstdeluf24m3wunuy1pc.jpg\" alt=\"red-phone-box-1391464972WTv\" width=\"63\" height=\"63\" \/><\/div>\n<\/div>\n<\/div>\n<\/div>\n<\/div>\n<\/div>\n<div class=\"elementor-element elementor-element-0fe47f9 elementor-column elementor-col-66 elementor-inner-column\" data-id=\"0fe47f9\" data-element_type=\"column\">\n<div class=\"elementor-column-wrap  elementor-element-populated\">\n<div class=\"elementor-widget-wrap\">\n<div class=\"elementor-element elementor-element-b501068 elementor-widget elementor-widget-text-editor\" data-id=\"b501068\" data-element_type=\"widget\" data-widget_type=\"text-editor.default\">\n<div class=\"elementor-widget-container\">\n<div class=\"elementor-text-editor elementor-clearfix\">\n<p>630315914<\/p>\n<p>629564515<\/p>\n<\/div>\n<\/div>\n<\/div>\n<\/div>\n<\/div>\n<\/div>\n<\/div>\n<\/div>\n<\/section>\t\t\t\t\t\t<\/div>\n\t\t\t\t<\/div>\n\t\t\t\t\t<\/div>\n\t\t<\/div>\n\t\t\t\t\t<\/div>\n\t\t<\/section>\n\t\t\t\t<section class=\"elementor-section elementor-top-section elementor-element elementor-element-4db8c55 elementor-section-boxed elementor-section-height-default elementor-section-height-default\" data-id=\"4db8c55\" data-element_type=\"section\">\n\t\t\t\t\t\t<div class=\"elementor-container elementor-column-gap-no\">\n\t\t\t\t\t<div class=\"elementor-column elementor-col-50 elementor-top-column elementor-element elementor-element-570f2d4\" data-id=\"570f2d4\" data-element_type=\"column\">\n\t\t\t<div class=\"elementor-widget-wrap elementor-element-populated\">\n\t\t\t\t\t\t<div class=\"elementor-element elementor-element-e1ccbee elementor-widget elementor-widget-text-editor\" data-id=\"e1ccbee\" data-element_type=\"widget\" data-widget_type=\"text-editor.default\">\n\t\t\t\t<div class=\"elementor-widget-container\">\n\t\t\t\t\t\t\t<p><span style=\"color: #000000;\">Si quieres ayudarnos puedes inscribirte como voluntari@<\/span><\/p>\t\t\t\t\t\t<\/div>\n\t\t\t\t<\/div>\n\t\t\t\t\t<\/div>\n\t\t<\/div>\n\t\t\t\t<div class=\"elementor-column elementor-col-50 elementor-top-column elementor-element elementor-element-c01cbbb\" data-id=\"c01cbbb\" data-element_type=\"column\">\n\t\t\t<div class=\"elementor-widget-wrap elementor-element-populated\">\n\t\t\t\t\t\t<div class=\"elementor-element elementor-element-be2add3 elementor-widget elementor-widget-text-editor\" data-id=\"be2add3\" data-element_type=\"widget\" data-widget_type=\"text-editor.default\">\n\t\t\t\t<div class=\"elementor-widget-container\">\n\t\t\t\t\t\t\t<p style=\"text-align: center;\"><a href=\"http:\/\/juntosnohaylimites.org\/index.php\/formulario-colaboradores\/\" target=\"_blank\" rel=\"noopener\">Quiero ser voluntari@<\/a><\/p>\t\t\t\t\t\t<\/div>\n\t\t\t\t<\/div>\n\t\t\t\t\t<\/div>\n\t\t<\/div>\n\t\t\t\t\t<\/div>\n\t\t<\/section>\n\t\t\t\t<\/div>\n\t\t","protected":false},"excerpt":{"rendered":"<p>Si quieres ponerte en contacto con nosotros, puede hacerlo a trav\u00e9s del correo electr\u00f3nico o por tel\u00e9fono juntosnohaylimites@gmail.com contacto@juntosnohaylimites.org 630315914 629564515 Si quieres ayudarnos puedes&#8230;<\/p>\n","protected":false},"author":1,"featured_media":0,"parent":0,"menu_order":0,"comment_status":"closed","ping_status":"open","template":"elementor_header_footer","meta":{"footnotes":""},"class_list":["post-2","page","type-page","status-publish","hentry"],"jetpack_sharing_enabled":true,"_links":{"self":[{"href":"http:\/\/juntosnohaylimites.org\/index.php\/wp-json\/wp\/v2\/pages\/2","targetHints":{"allow":["GET"]}}],"collection":[{"href":"http:\/\/juntosnohaylimites.org\/index.php\/wp-json\/wp\/v2\/pages"}],"about":[{"href":"http:\/\/juntosnohaylimites.org\/index.php\/wp-json\/wp\/v2\/types\/page"}],"author":[{"embeddable":true,"href":"http:\/\/juntosnohaylimites.org\/index.php\/wp-json\/wp\/v2\/users\/1"}],"replies":[{"embeddable":true,"href":"http:\/\/juntosnohaylimites.org\/index.php\/wp-json\/wp\/v2\/comments?post=2"}],"version-history":[{"count":15,"href":"http:\/\/juntosnohaylimites.org\/index.php\/wp-json\/wp\/v2\/pages\/2\/revisions"}],"predecessor-version":[{"id":1554,"href":"http:\/\/juntosnohaylimites.org\/index.php\/wp-json\/wp\/v2\/pages\/2\/revisions\/1554"}],"wp:attachment":[{"href":"http:\/\/juntosnohaylimites.org\/index.php\/wp-json\/wp\/v2\/media?parent=2"}],"curies":[{"name":"wp","href":"https:\/\/api.w.org\/{rel}","templated":true}]}}