{"id":1049,"date":"2020-06-09T16:15:22","date_gmt":"2020-06-09T16:15:22","guid":{"rendered":"http:\/\/juntosnohaylimites.org\/?page_id=1049"},"modified":"2020-06-09T16:18:13","modified_gmt":"2020-06-09T16:18:13","slug":"inscripcion-socio","status":"publish","type":"page","link":"http:\/\/juntosnohaylimites.org\/index.php\/inscripcion-socio\/","title":{"rendered":"Inscribirse como socio"},"content":{"rendered":"\t\t<div data-elementor-type=\"wp-post\" data-elementor-id=\"1049\" class=\"elementor elementor-1049\">\n\t\t\t\t\t\t<section class=\"elementor-section elementor-top-section elementor-element elementor-element-5bc2212 elementor-section-boxed elementor-section-height-default elementor-section-height-default\" data-id=\"5bc2212\" data-element_type=\"section\">\n\t\t\t\t\t\t<div class=\"elementor-container elementor-column-gap-default\">\n\t\t\t\t\t<div class=\"elementor-column elementor-col-100 elementor-top-column elementor-element elementor-element-7ccb15a\" data-id=\"7ccb15a\" data-element_type=\"column\">\n\t\t\t<div class=\"elementor-widget-wrap elementor-element-populated\">\n\t\t\t\t\t\t<div class=\"elementor-element elementor-element-e893179 elementor-widget elementor-widget-text-editor\" data-id=\"e893179\" data-element_type=\"widget\" data-widget_type=\"text-editor.default\">\n\t\t\t\t<div class=\"elementor-widget-container\">\n\t\t\t\t\t\t\t<h3>Para cualquier duda, pod\u00e9is contactar por correo electr\u00f3nico o por tel\u00e9fono.<\/h3>\n<h3>El formulario que aparece m\u00e1s abajo es para inscribiros como soci@s de Junt@s No Hay L\u00edmites<\/h3>\n<p>\u00a0<\/p>\t\t\t\t\t\t<\/div>\n\t\t\t\t<\/div>\n\t\t\t\t<section class=\"elementor-section elementor-inner-section elementor-element elementor-element-74638c7 elementor-section-full_width elementor-section-content-middle elementor-section-height-default elementor-section-height-default\" data-id=\"74638c7\" data-element_type=\"section\">\n\t\t\t\t\t\t<div class=\"elementor-container elementor-column-gap-default\">\n\t\t\t\t\t<div class=\"elementor-column elementor-col-33 elementor-inner-column elementor-element elementor-element-3f59baf\" data-id=\"3f59baf\" data-element_type=\"column\">\n\t\t\t<div class=\"elementor-widget-wrap elementor-element-populated\">\n\t\t\t\t\t\t<div class=\"elementor-element elementor-element-dc91b63 elementor-widget elementor-widget-image\" data-id=\"dc91b63\" data-element_type=\"widget\" data-widget_type=\"image.default\">\n\t\t\t\t<div class=\"elementor-widget-container\">\n\t\t\t\t\t\t\t\t\t\t\t\t\t<img decoding=\"async\" src=\"http:\/\/juntosnohaylimites.org\/wp-content\/uploads\/elementor\/thumbs\/mail-1454731_960_720-o6m6le3et0f0fpfh3toy1njrssr0cbrg4fu18k7nkw.png\" title=\"mail-1454731_960_720\" alt=\"mail-1454731_960_720\" loading=\"lazy\" \/>\t\t\t\t\t\t\t\t\t\t\t\t\t<\/div>\n\t\t\t\t<\/div>\n\t\t\t\t\t<\/div>\n\t\t<\/div>\n\t\t\t\t<div class=\"elementor-column elementor-col-66 elementor-inner-column elementor-element elementor-element-11e0a2b\" data-id=\"11e0a2b\" data-element_type=\"column\">\n\t\t\t<div class=\"elementor-widget-wrap elementor-element-populated\">\n\t\t\t\t\t\t<div class=\"elementor-element elementor-element-628cc37 elementor-widget elementor-widget-text-editor\" data-id=\"628cc37\" data-element_type=\"widget\" data-widget_type=\"text-editor.default\">\n\t\t\t\t<div class=\"elementor-widget-container\">\n\t\t\t\t\t\t\t<p><a href=\"mailto:juntosnohaylimites@gmail.com\">juntosnohaylimites@gmail.com<\/a><\/p>\n<p><a href=\"mailto:contacto@juntosnohaylimites.org\">contacto@juntosnohaylimites.org<\/a><\/p>\t\t\t\t\t\t<\/div>\n\t\t\t\t<\/div>\n\t\t\t\t\t<\/div>\n\t\t<\/div>\n\t\t\t\t\t<\/div>\n\t\t<\/section>\n\t\t\t\t<section class=\"elementor-section elementor-inner-section elementor-element elementor-element-b42d465 elementor-section-full_width elementor-section-content-middle elementor-section-height-default elementor-section-height-default\" data-id=\"b42d465\" data-element_type=\"section\">\n\t\t\t\t\t\t<div class=\"elementor-container elementor-column-gap-default\">\n\t\t\t\t\t<div class=\"elementor-column elementor-col-33 elementor-inner-column elementor-element elementor-element-80ab367\" data-id=\"80ab367\" data-element_type=\"column\">\n\t\t\t<div class=\"elementor-widget-wrap elementor-element-populated\">\n\t\t\t\t\t\t<div class=\"elementor-element elementor-element-f6d1e18 elementor-widget elementor-widget-image\" data-id=\"f6d1e18\" data-element_type=\"widget\" data-widget_type=\"image.default\">\n\t\t\t\t<div class=\"elementor-widget-container\">\n\t\t\t\t\t\t\t\t\t\t\t\t\t<img decoding=\"async\" src=\"http:\/\/juntosnohaylimites.org\/wp-content\/uploads\/elementor\/thumbs\/red-phone-box-1391464972WTv-o6m7130ewfwc9cmwh3vq66zstdeluf24m3wunuy1pc.jpg\" title=\"red-phone-box-1391464972WTv\" alt=\"red-phone-box-1391464972WTv\" loading=\"lazy\" \/>\t\t\t\t\t\t\t\t\t\t\t\t\t<\/div>\n\t\t\t\t<\/div>\n\t\t\t\t\t<\/div>\n\t\t<\/div>\n\t\t\t\t<div class=\"elementor-column elementor-col-66 elementor-inner-column elementor-element elementor-element-0fe47f9\" data-id=\"0fe47f9\" data-element_type=\"column\">\n\t\t\t<div class=\"elementor-widget-wrap elementor-element-populated\">\n\t\t\t\t\t\t<div class=\"elementor-element elementor-element-b501068 elementor-widget elementor-widget-text-editor\" data-id=\"b501068\" data-element_type=\"widget\" data-widget_type=\"text-editor.default\">\n\t\t\t\t<div class=\"elementor-widget-container\">\n\t\t\t\t\t\t\t<p>630315914<\/p>\n<p>629564515<\/p>\t\t\t\t\t\t<\/div>\n\t\t\t\t<\/div>\n\t\t\t\t\t<\/div>\n\t\t<\/div>\n\t\t\t\t\t<\/div>\n\t\t<\/section>\n\t\t\t\t<div class=\"elementor-element elementor-element-6bfc78c elementor-widget-divider--view-line elementor-widget elementor-widget-divider\" data-id=\"6bfc78c\" data-element_type=\"widget\" data-widget_type=\"divider.default\">\n\t\t\t\t<div class=\"elementor-widget-container\">\n\t\t\t\t\t<div class=\"elementor-divider\">\n\t\t\t<span class=\"elementor-divider-separator\">\n\t\t\t\t\t\t<\/span>\n\t\t<\/div>\n\t\t\t\t<\/div>\n\t\t\t\t<\/div>\n\t\t\t\t\t<\/div>\n\t\t<\/div>\n\t\t\t\t\t<\/div>\n\t\t<\/section>\n\t\t\t\t<section class=\"elementor-section elementor-top-section elementor-element elementor-element-9862461 elementor-section-boxed elementor-section-height-default elementor-section-height-default\" data-id=\"9862461\" data-element_type=\"section\">\n\t\t\t\t\t\t<div class=\"elementor-container elementor-column-gap-default\">\n\t\t\t\t\t<div class=\"elementor-column elementor-col-100 elementor-top-column elementor-element elementor-element-5446052\" data-id=\"5446052\" data-element_type=\"column\">\n\t\t\t<div class=\"elementor-widget-wrap elementor-element-populated\">\n\t\t\t\t\t\t<div class=\"elementor-element elementor-element-8ff0f89 elementor-widget elementor-widget-text-editor\" data-id=\"8ff0f89\" data-element_type=\"widget\" data-widget_type=\"text-editor.default\">\n\t\t\t\t<div class=\"elementor-widget-container\">\n\t\t\t\t\t\t\t<p><!-- wp:html --><\/p>\n<p>Para hacerte soci@, rellena el formulario siguiente:<\/p>\n<p><!-- \/wp:html --><\/p>\n<p><!-- wp:html --><\/p>\n<table class=\"wp-block-table\">\n<tbody>\n<tr>\n<td>\n<figure><iframe src=\"https:\/\/docs.google.com\/forms\/d\/e\/1FAIpQLSdJmPjxk2pbarJipUGGzU0UCOp0LN0wIsU6MAjT5qo_4aE2Yw\/viewform?embedded=true\" width=\"100%\" height=\"856\" frameborder=\"0\" marginwidth=\"0\" marginheight=\"0\">Cargando&#8230;<\/iframe><\/figure>\n<\/td>\n<\/tr>\n<\/tbody>\n<\/table>\n<p><!-- \/wp:html --><\/p>\t\t\t\t\t\t<\/div>\n\t\t\t\t<\/div>\n\t\t\t\t\t<\/div>\n\t\t<\/div>\n\t\t\t\t\t<\/div>\n\t\t<\/section>\n\t\t\t\t<\/div>\n\t\t","protected":false},"excerpt":{"rendered":"<p>Para cualquier duda, pod\u00e9is contactar por correo electr\u00f3nico o por tel\u00e9fono. El formulario que aparece m\u00e1s abajo es para inscribiros como soci@s de Junt@s No&#8230;<\/p>\n","protected":false},"author":1,"featured_media":0,"parent":0,"menu_order":0,"comment_status":"closed","ping_status":"closed","template":"template-full-width-page.php","meta":{"footnotes":""},"class_list":["post-1049","page","type-page","status-publish","hentry"],"jetpack_sharing_enabled":true,"_links":{"self":[{"href":"http:\/\/juntosnohaylimites.org\/index.php\/wp-json\/wp\/v2\/pages\/1049","targetHints":{"allow":["GET"]}}],"collection":[{"href":"http:\/\/juntosnohaylimites.org\/index.php\/wp-json\/wp\/v2\/pages"}],"about":[{"href":"http:\/\/juntosnohaylimites.org\/index.php\/wp-json\/wp\/v2\/types\/page"}],"author":[{"embeddable":true,"href":"http:\/\/juntosnohaylimites.org\/index.php\/wp-json\/wp\/v2\/users\/1"}],"replies":[{"embeddable":true,"href":"http:\/\/juntosnohaylimites.org\/index.php\/wp-json\/wp\/v2\/comments?post=1049"}],"version-history":[{"count":4,"href":"http:\/\/juntosnohaylimites.org\/index.php\/wp-json\/wp\/v2\/pages\/1049\/revisions"}],"predecessor-version":[{"id":1053,"href":"http:\/\/juntosnohaylimites.org\/index.php\/wp-json\/wp\/v2\/pages\/1049\/revisions\/1053"}],"wp:attachment":[{"href":"http:\/\/juntosnohaylimites.org\/index.php\/wp-json\/wp\/v2\/media?parent=1049"}],"curies":[{"name":"wp","href":"https:\/\/api.w.org\/{rel}","templated":true}]}}